{"id":5755,"date":"2017-03-03T08:24:09","date_gmt":"2017-03-03T08:24:09","guid":{"rendered":"http:\/\/www.paulcuvelier.org\/?page_id=5755"},"modified":"2023-03-27T23:54:56","modified_gmt":"2023-03-27T21:54:56","slug":"chronologie-2-2-2","status":"publish","type":"page","link":"https:\/\/paulcuvelier.be\/?page_id=5755","title":{"rendered":"COFFRET"},"content":{"rendered":"<div id=\"pl-5755\" class=\"panel-layout\">\n<div id=\"pg-5755-0\" class=\"panel-grid panel-no-style\" data-style=\"{&quot;background_display&quot;:&quot;tile&quot;}\">\n<div id=\"pgc-5755-0-0\" class=\"panel-grid-cell\" data-weight=\"0.31719008264463\">\n<div id=\"panel-5755-0-0-0\" class=\"so-panel widget widget_black-studio-tinymce widget_black_studio_tinymce panel-first-child panel-last-child\" data-index=\"0\" data-style=\"{&quot;background_display&quot;:&quot;tile&quot;}\">\n<div class=\"textwidget\">\n<p><a href=\"http:\/\/www.paulcuvelier.be\/wp-content\/uploads\/2017\/03\/Coffret_fondBLANC_10bx.jpg\"><img loading=\"lazy\" decoding=\"async\" class=\"wp-image-5767  aligncenter\" src=\"http:\/\/www.paulcuvelier.be\/wp-content\/uploads\/2017\/03\/Coffret_fondBLANC_10bx-1024x768.jpg\" width=\"400\" height=\"300\" \/><\/a><\/p>\n<\/div>\n<\/div>\n<\/div>\n<div id=\"pgc-5755-0-1\" class=\"panel-grid-cell\" data-weight=\"0.31\">\n<div id=\"panel-5755-0-1-0\" class=\"so-panel widget widget_black-studio-tinymce widget_black_studio_tinymce panel-first-child panel-last-child\" data-index=\"1\" data-style=\"{&quot;background_display&quot;:&quot;tile&quot;}\">\n<div class=\"textwidget\">\n<p style=\"text-align: center;\"><span style=\"font-family: arial,helvetica,sans-serif; font-size: 18pt;\"><strong><span style=\"color: #ff0000;\">CE COFFRET CONTIENT UN TRESOR<\/span><\/strong><\/span><\/p>\n<\/div>\n<\/div>\n<\/div>\n<div id=\"pgc-5755-0-2\" class=\"panel-grid-cell panel-grid-cell-mobile-last\" data-weight=\"0.31\">\n<div id=\"panel-5755-0-2-0\" class=\"so-panel widget widget_black-studio-tinymce widget_black_studio_tinymce panel-first-child panel-last-child\" data-index=\"2\" data-style=\"{&quot;background_display&quot;:&quot;tile&quot;}\">\n<div class=\"textwidget\"><a href=\"http:\/\/www.paulcuvelier.be\/wp-content\/uploads\/2017\/03\/Coffret_fondBLANC-carnet_06bx.jpg\"><img loading=\"lazy\" decoding=\"async\" class=\"aligncenter wp-image-5771 \" src=\"http:\/\/www.paulcuvelier.be\/wp-content\/uploads\/2017\/03\/Coffret_fondBLANC-carnet_06bx-1024x768.jpg\" width=\"603\" height=\"452\" \/><\/a><\/div>\n<\/div>\n<\/div>\n<div id=\"pgc-5755-0-3\" class=\"panel-grid-cell panel-grid-cell-empty\" data-weight=\"0.062809917355372\"><\/div>\n<\/div>\n<div id=\"pg-5755-1\" class=\"panel-grid panel-no-style\" data-style=\"{&quot;background_display&quot;:&quot;tile&quot;}\">\n<div id=\"pgc-5755-1-0\" class=\"panel-grid-cell\" data-weight=\"0.47\">\n<div id=\"panel-5755-1-0-0\" class=\"so-panel widget widget_black-studio-tinymce widget_black_studio_tinymce panel-first-child panel-last-child\" data-index=\"3\" data-style=\"{&quot;background_display&quot;:&quot;tile&quot;}\">\n<div class=\"textwidget\">\n<p><a href=\"http:\/\/www.paulcuvelier.be\/wp-content\/uploads\/2017\/03\/001_CORENTINx.jpg\"><img loading=\"lazy\" decoding=\"async\" class=\"wp-image-5787 aligncenter\" src=\"http:\/\/www.paulcuvelier.be\/wp-content\/uploads\/2017\/03\/001_CORENTINx-782x1024.jpg\" width=\"295\" height=\"386\" \/><\/a><\/p>\n<\/div>\n<\/div>\n<\/div>\n<div id=\"pgc-5755-1-1\" class=\"panel-grid-cell panel-grid-cell-mobile-last\" data-weight=\"0.47\">\n<div id=\"panel-5755-1-1-0\" class=\"so-panel widget widget_black-studio-tinymce widget_black_studio_tinymce panel-first-child panel-last-child\" data-index=\"4\" data-style=\"{&quot;background_display&quot;:&quot;tile&quot;}\">\n<h3 class=\"widget-title\">ENTRE DESSIN ET PEINTURE<\/h3>\n<div class=\"textwidget\">\n<p style=\"text-align: justify;\" align=\"LEFT\">En 1946, Paul Cuvelier, 23 ans, occupait la premi\u00e8re page int\u00e9rieure du nouvel hebdomadaire Tintin avec l\u2019Extraordinaire Odyss\u00e9e de Corentin Feldo\u00eb. Plac\u00e9 dans les cahiers imprim\u00e9s en noir et blanc, l\u2019artiste avait opt\u00e9 pour la technique, franche et sans repentir, du lavis. Ses originaux, transmis \u00e0 la r\u00e9daction, \u00e9taient ensuite clich\u00e9s, r\u00e9duits, contrast\u00e9s et lettr\u00e9s. Un \u00e9cart qualitatif b\u00e9ant existait entre l\u2019\u0153uvre\u00a0originale et celle servie aux jeunes lecteurs.<\/p>\n<p style=\"text-align: justify;\" align=\"LEFT\">Pour remettre en contact le public avec la force\u00a0et la fulgurance de sa graphie, un prestigieux ouvrage est aujourd\u2019hui propos\u00e9. Un coffret reprenant les planches, reproduites \u00e0 l\u2019identique, de la premi\u00e8re aventure de Corentin.<\/p>\n<p style=\"text-align: justify;\" align=\"LEFT\">Par son acquisition et par le soin que vous porterez \u00e0 son contenu, vous participez \u00e0 la conservation de ce patrimoine tout en soutenant financi\u00e8rement les d\u00e9buts de la Fondation PAUL CUVELIER .<\/p>\n<\/div>\n<\/div>\n<\/div>\n<div id=\"pgc-5755-1-2\" class=\"panel-grid-cell panel-grid-cell-empty\" data-weight=\"0.06\"><\/div>\n<\/div>\n<div id=\"pg-5755-2\" class=\"panel-grid panel-no-style\" data-style=\"{&quot;background_display&quot;:&quot;tile&quot;}\">\n<div id=\"pgc-5755-2-0\" class=\"panel-grid-cell\" data-weight=\"0.23651221237281\">\n<div id=\"panel-5755-2-0-0\" class=\"so-panel widget widget_black-studio-tinymce widget_black_studio_tinymce panel-first-child panel-last-child\" data-index=\"5\" data-style=\"{&quot;background_display&quot;:&quot;tile&quot;}\">\n<div class=\"textwidget\">\n<p><a href=\"http:\/\/www.paulcuvelier.be\/wp-content\/uploads\/2017\/03\/042_CORENTINx.jpg\"><img loading=\"lazy\" decoding=\"async\" class=\"size-medium wp-image-5778\" src=\"http:\/\/www.paulcuvelier.be\/wp-content\/uploads\/2017\/03\/042_CORENTINx-232x300.jpg\" alt=\"\" width=\"232\" height=\"300\" \/><\/a><\/p>\n<p class=\"wp-caption-dd\">\n<\/div>\n<\/div>\n<\/div>\n<div id=\"pgc-5755-2-1\" class=\"panel-grid-cell\" data-weight=\"0.23407976108782\">\n<div id=\"panel-5755-2-1-0\" class=\"so-panel widget widget_black-studio-tinymce widget_black_studio_tinymce panel-first-child panel-last-child\" data-index=\"6\" data-style=\"{&quot;background_display&quot;:&quot;tile&quot;}\">\n<div class=\"textwidget\">\n<p><a href=\"http:\/\/www.paulcuvelier.be\/wp-content\/uploads\/2017\/03\/043_CORENTINx.jpg\"><img loading=\"lazy\" decoding=\"async\" class=\"alignnone size-medium wp-image-5779\" src=\"http:\/\/www.paulcuvelier.be\/wp-content\/uploads\/2017\/03\/043_CORENTINx-232x300.jpg\" alt=\"\" width=\"232\" height=\"300\" \/><\/a><\/p>\n<p class=\"wp-caption-dd\">\n<\/div>\n<\/div>\n<\/div>\n<div id=\"pgc-5755-2-2\" class=\"panel-grid-cell panel-grid-cell-mobile-last\" data-weight=\"0.46815960072796\">\n<div id=\"panel-5755-2-2-0\" class=\"so-panel widget widget_black-studio-tinymce widget_black_studio_tinymce panel-first-child panel-last-child\" data-index=\"7\" data-style=\"{&quot;background_display&quot;:&quot;tile&quot;}\">\n<h3 class=\"widget-title\">CONTENU<\/h3>\n<div class=\"textwidget\">\n<p style=\"text-align: justify;\" align=\"LEFT\">L\u2019ouvrage comprend soixante-quatre planches, patiemment restaur\u00e9es et \u00e9talonn\u00e9es, imprim\u00e9es num\u00e9riquement par jet d\u2019encre ultra-chrome, dix-sept cartouches, sur un papier de trois-cent quinze grammes smooth cotton natural.<\/p>\n<p style=\"text-align: justify;\" align=\"LEFT\">A cela s\u2019ajoute le carnet d\u2019aquarelles, qui pr\u00e9-date la bande dessin\u00e9e, imprim\u00e9 num\u00e9riquement avec le m\u00eame soin et la m\u00eame technique que les planches. Il est blotti dans un encart en fin d\u2019ouvrage.<\/p>\n<p style=\"text-align: justify;\" align=\"LEFT\">Ces belles impressions ont \u00e9t\u00e9 ench\u00e2ss\u00e9es au sein du robuste coffret emball\u00e9 dans du papier d\u2019archive muskat brown. Les couvercles et le mode d\u2019emploi y ont \u00e9t\u00e9 imprim\u00e9s par offset en reflex blue.<\/p>\n<p style=\"text-align: justify;\" align=\"LEFT\">Chaque coffret est num\u00e9rot\u00e9 de 1 \u00e0 50, et sign\u00e9 par les fr\u00e8res cadets de Paul Cuvelier \u2013 Michel et Am\u00e9d\u00e9e \u2013 qui ont eu le privil\u00e8ge d\u2019\u00eatre ses premiers mod\u00e8les ainsi que ses premiers\u00a0 lecteurs.<\/p>\n<\/div>\n<\/div>\n<\/div>\n<div id=\"pgc-5755-2-3\" class=\"panel-grid-cell panel-grid-cell-empty\" data-weight=\"0.061248425811414\"><\/div>\n<\/div>\n<div id=\"pg-5755-3\" class=\"panel-grid panel-no-style\" data-style=\"{&quot;background_display&quot;:&quot;tile&quot;}\">\n<div id=\"pgc-5755-3-0\" class=\"panel-grid-cell\" data-weight=\"0.47\">\n<div id=\"panel-5755-3-0-0\" class=\"so-panel widget widget_black-studio-tinymce widget_black_studio_tinymce panel-first-child\" data-index=\"8\" data-style=\"{&quot;background_display&quot;:&quot;tile&quot;}\">\n<div class=\"textwidget\">\n<p><a href=\"http:\/\/www.paulcuvelier.be\/wp-content\/uploads\/2017\/03\/CAH_AQUA_PAGE07x.jpg\"><img loading=\"lazy\" decoding=\"async\" class=\"aligncenter wp-image-5791 size-full\" src=\"http:\/\/www.paulcuvelier.be\/wp-content\/uploads\/2017\/03\/CAH_AQUA_PAGE07x-e1488545466332.jpg\" width=\"740\" height=\"568\" \/><\/a><\/p>\n<\/div>\n<\/div>\n<div id=\"panel-5755-3-0-1\" class=\"so-panel widget widget_black-studio-tinymce widget_black_studio_tinymce panel-last-child\" data-index=\"9\" data-style=\"{&quot;background_display&quot;:&quot;tile&quot;}\">\n<div class=\"textwidget\">\n<p><a href=\"http:\/\/www.paulcuvelier.be\/wp-content\/uploads\/2017\/03\/logo.png\"><img loading=\"lazy\" decoding=\"async\" class=\"size-full wp-image-5789 aligncenter\" src=\"http:\/\/www.paulcuvelier.be\/wp-content\/uploads\/2017\/03\/logo.png\" alt=\"\" width=\"384\" height=\"103\" \/><\/a><\/p>\n<\/div>\n<\/div>\n<\/div>\n<div id=\"pgc-5755-3-1\" class=\"panel-grid-cell panel-grid-cell-mobile-last\" data-weight=\"0.47\">\n<div id=\"panel-5755-3-1-0\" class=\"so-panel widget widget_black-studio-tinymce widget_black_studio_tinymce panel-first-child\" data-index=\"10\" data-style=\"{&quot;background_display&quot;:&quot;tile&quot;}\">\n<h3 class=\"widget-title\">SOUSCRIPTION<\/h3>\n<div class=\"textwidget\">\n<p style=\"text-align: justify;\" align=\"LEFT\">Pour r\u00e9server et acqu\u00e9rir un coffret contenant les matrices de la premi\u00e8re aventure de Corentin Feldo\u00e9, veuillez effectuer un versement de 2.200 \u20ac avec votre nom, adresse et la mention ARCHIVES PAUL CUVELIER \u00e0 :<\/p>\n<p style=\"text-align: justify;\" align=\"LEFT\">IBAN BE83 0689 0628 9215 \/ BIC GKCCBEBB<\/p>\n<p style=\"text-align: justify;\" align=\"LEFT\">Dans le mois, l\u2019ouvrage souscrit sera \u00e0 votre disposition au si\u00e8ge de la Fondation. Dans le cas d\u2019une livraison, les frais de poste sont \u00e0 la charge du souscripteur.<\/p>\n<p style=\"text-align: justify;\" align=\"LEFT\">N\u2019h\u00e9sitez pas \u00e0 contacter la fondation pour plus de d\u00e9tails et informations.<\/p>\n<\/div>\n<\/div>\n<div id=\"panel-5755-3-1-1\" class=\"so-panel widget widget_sow-contact-form panel-last-child\" data-index=\"11\" data-style=\"{&quot;background_image_attachment&quot;:false,&quot;background_display&quot;:&quot;tile&quot;}\">[siteorigin_widget class=&#8221;SiteOrigin_Widgets_ContactForm_Widget&#8221;]<input type=\"hidden\" value=\"{&quot;instance&quot;:{&quot;title&quot;:&quot;Contactez-nous&quot;,&quot;settings&quot;:{&quot;to&quot;:&quot;info@paulcuvelier.be&quot;,&quot;from&quot;:&quot;ph_cuvelier@hotmail.com&quot;,&quot;default_subject&quot;:&quot;&quot;,&quot;subject_prefix&quot;:&quot;&quot;,&quot;success_message&quot;:&quot;Merci de nous avoir contact\\u00e9s. Nous reviendrons vers vous d\\u00e8s que possible.&lt;\\\/p&gt;\\n&quot;,&quot;success_message_selected_editor&quot;:&quot;tinymce&quot;,&quot;submit_text&quot;:&quot;Contactez-nous&quot;,&quot;submit_id&quot;:&quot;&quot;,&quot;onclick&quot;:&quot;&quot;,&quot;required_field_indicator_message&quot;:&quot;Fields marked with * are required&quot;,&quot;so_field_container_state&quot;:&quot;open&quot;,&quot;required_field_indicator&quot;:false,&quot;log_ip_address&quot;:false},&quot;fields&quot;:[{&quot;type&quot;:&quot;name&quot;,&quot;label&quot;:&quot;Votre nom&quot;,&quot;description&quot;:&quot;&quot;,&quot;required&quot;:{&quot;required&quot;:true,&quot;missing_message&quot;:&quot;Merci de saisir votre nom&quot;,&quot;so_field_container_state&quot;:&quot;open&quot;},&quot;options&quot;:[]},{&quot;type&quot;:&quot;email&quot;,&quot;label&quot;:&quot;Votre adresse de messagerie&quot;,&quot;description&quot;:&quot;&quot;,&quot;required&quot;:{&quot;required&quot;:true,&quot;missing_message&quot;:&quot;Merci de saisir une adresse e-mail valilde&quot;,&quot;so_field_container_state&quot;:&quot;open&quot;},&quot;options&quot;:[]},{&quot;type&quot;:&quot;subject&quot;,&quot;label&quot;:&quot;Sujet&quot;,&quot;description&quot;:&quot;&quot;,&quot;required&quot;:{&quot;required&quot;:true,&quot;missing_message&quot;:&quot;Merci d\\u2019indiquer un sujet&quot;,&quot;so_field_container_state&quot;:&quot;open&quot;},&quot;options&quot;:[]},{&quot;type&quot;:&quot;textarea&quot;,&quot;label&quot;:&quot;Message&quot;,&quot;description&quot;:&quot;&quot;,&quot;required&quot;:{&quot;required&quot;:true,&quot;missing_message&quot;:&quot;Veuillez \\u00e9crire quelque chose&quot;,&quot;so_field_container_state&quot;:&quot;open&quot;},&quot;options&quot;:[]}],&quot;spam&quot;:{&quot;recaptcha&quot;:{&quot;site_key&quot;:&quot;&quot;,&quot;secret_key&quot;:&quot;&quot;,&quot;theme&quot;:&quot;light&quot;,&quot;type&quot;:&quot;image&quot;,&quot;size&quot;:&quot;normal&quot;,&quot;so_field_container_state&quot;:&quot;open&quot;,&quot;use_captcha&quot;:false},&quot;akismet&quot;:{&quot;use_akismet&quot;:true,&quot;spam_action&quot;:&quot;error&quot;,&quot;so_field_container_state&quot;:&quot;open&quot;},&quot;so_field_container_state&quot;:&quot;closed&quot;},&quot;design&quot;:{&quot;container&quot;:{&quot;background&quot;:&quot;#f2f2f2&quot;,&quot;padding&quot;:&quot;10px&quot;,&quot;padding_unit&quot;:&quot;px&quot;,&quot;border_color&quot;:&quot;#c0c0c0&quot;,&quot;border_width&quot;:&quot;1px&quot;,&quot;border_width_unit&quot;:&quot;px&quot;,&quot;border_style&quot;:&quot;solid&quot;,&quot;so_field_container_state&quot;:&quot;closed&quot;},&quot;labels&quot;:{&quot;font&quot;:&quot;default&quot;,&quot;size&quot;:false,&quot;size_unit&quot;:&quot;px&quot;,&quot;color&quot;:false,&quot;position&quot;:&quot;above&quot;,&quot;width&quot;:false,&quot;width_unit&quot;:&quot;px&quot;,&quot;align&quot;:&quot;left&quot;,&quot;so_field_container_state&quot;:&quot;open&quot;},&quot;fields&quot;:{&quot;font&quot;:&quot;default&quot;,&quot;font_size&quot;:false,&quot;font_size_unit&quot;:&quot;px&quot;,&quot;color&quot;:false,&quot;margin&quot;:false,&quot;margin_unit&quot;:&quot;px&quot;,&quot;padding&quot;:false,&quot;padding_unit&quot;:&quot;px&quot;,&quot;height&quot;:false,&quot;height_unit&quot;:&quot;px&quot;,&quot;height_textarea&quot;:false,&quot;height_textarea_unit&quot;:&quot;px&quot;,&quot;background&quot;:false,&quot;border_color&quot;:&quot;#c0c0c0&quot;,&quot;border_width&quot;:&quot;1px&quot;,&quot;border_width_unit&quot;:&quot;px&quot;,&quot;border_style&quot;:&quot;solid&quot;,&quot;border_radius&quot;:0,&quot;so_field_container_state&quot;:&quot;open&quot;},&quot;descriptions&quot;:{&quot;size&quot;:&quot;0.9em&quot;,&quot;size_unit&quot;:&quot;em&quot;,&quot;color&quot;:&quot;#999999&quot;,&quot;style&quot;:&quot;italic&quot;,&quot;so_field_container_state&quot;:&quot;open&quot;},&quot;errors&quot;:{&quot;background&quot;:&quot;#fce4e5&quot;,&quot;border_color&quot;:&quot;#ec666a&quot;,&quot;text_color&quot;:&quot;#ec666a&quot;,&quot;padding&quot;:&quot;5px&quot;,&quot;padding_unit&quot;:&quot;px&quot;,&quot;margin&quot;:&quot;10px&quot;,&quot;margin_unit&quot;:&quot;px&quot;,&quot;so_field_container_state&quot;:&quot;open&quot;},&quot;submit&quot;:{&quot;background_color&quot;:&quot;#eeeeee&quot;,&quot;background_gradient&quot;:10,&quot;border_color&quot;:&quot;#989a9c&quot;,&quot;border_style&quot;:&quot;solid&quot;,&quot;border_width&quot;:false,&quot;border_width_unit&quot;:&quot;px&quot;,&quot;border_radius&quot;:3,&quot;text_color&quot;:&quot;#5a5a5a&quot;,&quot;font_size&quot;:false,&quot;font_size_unit&quot;:&quot;px&quot;,&quot;weight&quot;:&quot;normal&quot;,&quot;padding&quot;:&quot;10px&quot;,&quot;padding_unit&quot;:&quot;px&quot;,&quot;width&quot;:false,&quot;width_unit&quot;:&quot;px&quot;,&quot;align&quot;:&quot;left&quot;,&quot;inset_highlight&quot;:50,&quot;so_field_container_state&quot;:&quot;open&quot;,&quot;styled&quot;:false},&quot;focus&quot;:{&quot;style&quot;:&quot;solid&quot;,&quot;color&quot;:false,&quot;width&quot;:&quot;1px&quot;,&quot;width_unit&quot;:&quot;px&quot;,&quot;so_field_container_state&quot;:&quot;open&quot;},&quot;so_field_container_state&quot;:&quot;open&quot;},&quot;_sow_form_id&quot;:&quot;12234283565c63ed9a931c5917718194&quot;,&quot;_sow_form_timestamp&quot;:&quot;1550054227621&quot;,&quot;display_title&quot;:false,&quot;so_sidebar_emulator_id&quot;:&quot;sow-contact-form-575510011&quot;,&quot;option_name&quot;:&quot;widget_sow-contact-form&quot;},&quot;args&quot;:{&quot;before_widget&quot;:&quot;&lt;\/p&gt;\n&lt;div id=\\&quot;panel-5755-3-1-1\\&quot; class=\\&quot;so-panel widget widget_sow-contact-form panel-last-child\\&quot; data-index=\\&quot;11\\&quot; data-style=\\&quot;{&amp;quot;background_image_attachment&amp;quot;:false,&amp;quot;background_display&amp;quot;:&amp;quot;tile&amp;quot;}\\&quot; &gt;&quot;,&quot;after_widget&quot;:&quot;&lt;\\\/div&gt;&quot;,&quot;before_title&quot;:&quot;&lt;\/p&gt;\n&lt;h3 class=\\&quot;widget-title\\&quot;&gt;&quot;,&quot;after_title&quot;:&quot;&lt;\\\/h3&gt;&quot;,&quot;widget_id&quot;:&quot;widget-3-1-1&quot;}}\" \/>[\/siteorigin_widget]<\/div>\n<\/div>\n<div id=\"pgc-5755-3-2\" class=\"panel-grid-cell panel-grid-cell-empty\" data-weight=\"0.06\"><\/div>\n<\/div>\n<\/div>\n","protected":false},"excerpt":{"rendered":"<p>CE COFFRET CONTIENT UN TRESOR ENTRE DESSIN ET PEINTURE En 1946, Paul Cuvelier, 23 ans, occupait la premi\u00e8re page int\u00e9rieure du nouvel hebdomadaire Tintin avec l\u2019Extraordinaire Odyss\u00e9e de Corentin Feldo\u00eb. Plac\u00e9 dans les cahiers imprim\u00e9s en noir et blanc, l\u2019artiste avait opt\u00e9 pour la technique, franche et sans repentir, du lavis. Ses originaux, transmis \u00e0 &hellip;<\/p>\n<p class=\"read-more\"> <a class=\"\" href=\"https:\/\/paulcuvelier.be\/?page_id=5755\"> <span class=\"screen-reader-text\">COFFRET<\/span> Read More &raquo;<\/a><\/p>\n","protected":false},"author":1,"featured_media":0,"parent":0,"menu_order":0,"comment_status":"closed","ping_status":"open","template":"templates\/fullwidth.php","meta":{"site-sidebar-layout":"default","site-content-layout":"default","ast-global-header-display":"","ast-banner-title-visibility":"","ast-main-header-display":"","ast-hfb-above-header-display":"","ast-hfb-below-header-display":"","ast-hfb-mobile-header-display":"","site-post-title":"","ast-breadcrumbs-content":"","ast-featured-img":"","footer-sml-layout":"","theme-transparent-header-meta":"","adv-header-id-meta":"","stick-header-meta":"","header-above-stick-meta":"","header-main-stick-meta":"","header-below-stick-meta":"","footnotes":""},"class_list":["post-5755","page","type-page","status-publish","hentry"],"_links":{"self":[{"href":"https:\/\/paulcuvelier.be\/index.php?rest_route=\/wp\/v2\/pages\/5755","targetHints":{"allow":["GET"]}}],"collection":[{"href":"https:\/\/paulcuvelier.be\/index.php?rest_route=\/wp\/v2\/pages"}],"about":[{"href":"https:\/\/paulcuvelier.be\/index.php?rest_route=\/wp\/v2\/types\/page"}],"author":[{"embeddable":true,"href":"https:\/\/paulcuvelier.be\/index.php?rest_route=\/wp\/v2\/users\/1"}],"replies":[{"embeddable":true,"href":"https:\/\/paulcuvelier.be\/index.php?rest_route=%2Fwp%2Fv2%2Fcomments&post=5755"}],"version-history":[{"count":3,"href":"https:\/\/paulcuvelier.be\/index.php?rest_route=\/wp\/v2\/pages\/5755\/revisions"}],"predecessor-version":[{"id":15215,"href":"https:\/\/paulcuvelier.be\/index.php?rest_route=\/wp\/v2\/pages\/5755\/revisions\/15215"}],"wp:attachment":[{"href":"https:\/\/paulcuvelier.be\/index.php?rest_route=%2Fwp%2Fv2%2Fmedia&parent=5755"}],"curies":[{"name":"wp","href":"https:\/\/api.w.org\/{rel}","templated":true}]}}